{"id":4093,"date":"2026-03-10T13:57:22","date_gmt":"2026-03-10T13:57:22","guid":{"rendered":"https:\/\/www.bikepark-thunersee.ch\/?page_id=4093"},"modified":"2026-03-10T14:21:10","modified_gmt":"2026-03-10T14:21:10","slug":"datenschutz-impressum","status":"publish","type":"page","link":"https:\/\/www.bikepark-thunersee.ch\/index.php\/datenschutz-impressum\/","title":{"rendered":"Datenschutz &#038; Impressum"},"content":{"rendered":"\t\t<div data-elementor-type=\"wp-page\" data-elementor-id=\"4093\" class=\"elementor elementor-4093\" data-elementor-post-type=\"page\">\n\t\t\t\t<div class=\"elementor-element elementor-element-4e64770 e-con-full e-flex e-con e-parent\" data-id=\"4e64770\" data-element_type=\"container\">\n\t\t<div class=\"elementor-element elementor-element-1e65c3e e-con-full e-flex e-con e-child\" data-id=\"1e65c3e\" data-element_type=\"container\" data-settings=\"{&quot;background_background&quot;:&quot;classic&quot;}\">\n\t\t<div class=\"elementor-element elementor-element-9bb986f e-flex e-con-boxed e-con e-child\" data-id=\"9bb986f\" data-element_type=\"container\">\n\t\t\t\t\t<div class=\"e-con-inner\">\n\t\t<div class=\"elementor-element elementor-element-1d95851 e-con-full e-flex e-con e-child\" data-id=\"1d95851\" data-element_type=\"container\">\n\t\t\t\t<div class=\"elementor-element elementor-element-a2ea8f5 elementor-headline--style-highlight elementor-widget elementor-widget-animated-headline\" data-id=\"a2ea8f5\" data-element_type=\"widget\" data-settings=\"{&quot;headline_style&quot;:&quot;highlight&quot;,&quot;marker&quot;:&quot;circle&quot;,&quot;loop&quot;:&quot;yes&quot;,&quot;highlight_animation_duration&quot;:1200,&quot;highlight_iteration_delay&quot;:8000}\" data-widget_type=\"animated-headline.default\">\n\t\t\t\t\t\t\t<h2 class=\"elementor-headline\">\n\t\t\t\t\t<span class=\"elementor-headline-plain-text elementor-headline-text-wrapper\">Impressum<\/span>\n\t\t\t\t<span class=\"elementor-headline-dynamic-wrapper elementor-headline-text-wrapper\">\n\t\t\t\t<\/span>\n\t\t\t\t<\/h2>\n\t\t\t\t\t\t<\/div>\n\t\t\t\t<div class=\"elementor-element elementor-element-5ae3701 elementor-widget elementor-widget-text-editor\" data-id=\"5ae3701\" data-element_type=\"widget\" data-widget_type=\"text-editor.default\">\n\t\t\t\t\t\t\t\t\t<p style=\"font-weight: 400;\">Stand: M\u00e4rz 2026<\/p>\t\t\t\t\t\t\t\t<\/div>\n\t\t\t\t<\/div>\n\t\t\t\t<div class=\"elementor-element elementor-element-d7d6dba elementor-widget elementor-widget-heading\" data-id=\"d7d6dba\" data-element_type=\"widget\" data-widget_type=\"heading.default\">\n\t\t\t\t\t<h2 class=\"elementor-heading-title elementor-size-default\">Angaben gem\u00e4ss Art. 13 DSG<\/h2>\t\t\t\t<\/div>\n\t\t\t\t<div class=\"elementor-element elementor-element-722821d elementor-widget elementor-widget-text-editor\" data-id=\"722821d\" data-element_type=\"widget\" data-widget_type=\"text-editor.default\">\n\t\t\t\t\t\t\t\t\t<p style=\"font-weight: 400;\">Verein Bikepark Thunersee<\/p><p style=\"font-weight: 400;\">Untere Tt\u00fcelmatt 4<\/p><p>3624 Goldiwil<\/p><p style=\"font-weight: 400;\">Schweiz<\/p><p style=\"font-weight: 400;\">\u00a0<\/p><p style=\"font-weight: 400;\">E-Mail: info@bikepark-thunersee.ch<\/p><p style=\"font-weight: 400;\">Website: www.bikepark-thunersee.ch<\/p>\t\t\t\t\t\t\t\t<\/div>\n\t\t\t\t<div class=\"elementor-element elementor-element-76b4ce3 elementor-widget elementor-widget-heading\" data-id=\"76b4ce3\" data-element_type=\"widget\" data-widget_type=\"heading.default\">\n\t\t\t\t\t<h2 class=\"elementor-heading-title elementor-size-default\">Vertretungsberechtigte Person<\/h2>\t\t\t\t<\/div>\n\t\t\t\t<div class=\"elementor-element elementor-element-cf461bc elementor-widget elementor-widget-text-editor\" data-id=\"cf461bc\" data-element_type=\"widget\" data-widget_type=\"text-editor.default\">\n\t\t\t\t\t\t\t\t\t<p style=\"font-weight: 400;\">Jerome Hunziker, Pr\u00e4sident<\/p><p style=\"font-weight: 400;\">Verein Bikepark Thunersee<\/p>\t\t\t\t\t\t\t\t<\/div>\n\t\t\t\t<div class=\"elementor-element elementor-element-adb36c2 elementor-widget elementor-widget-heading\" data-id=\"adb36c2\" data-element_type=\"widget\" data-widget_type=\"heading.default\">\n\t\t\t\t\t<h2 class=\"elementor-heading-title elementor-size-default\">Vorstand<\/h2>\t\t\t\t<\/div>\n\t\t\t\t<div class=\"elementor-element elementor-element-82738c3 elementor-widget elementor-widget-text-editor\" data-id=\"82738c3\" data-element_type=\"widget\" data-widget_type=\"text-editor.default\">\n\t\t\t\t\t\t\t\t\t<p style=\"font-weight: 400;\">Jerome Hunziker Pr\u00e4sident<\/p><p style=\"font-weight: 400;\">Niklaus M\u00f6sle Finanzen<\/p><p style=\"font-weight: 400;\">J\u00fcrg Friedli Rechtsfragen<\/p><p style=\"font-weight: 400;\">Emanuel Buchs Raumplanung<\/p><p style=\"font-weight: 400;\">Michelle Davies Marketing<\/p><p style=\"font-weight: 400;\">Michael Roschi Tourismus<\/p><p style=\"font-weight: 400;\">Louis Eisenhut Szenenvertretung<\/p>\t\t\t\t\t\t\t\t<\/div>\n\t\t\t\t<div class=\"elementor-element elementor-element-2ac787c elementor-widget elementor-widget-heading\" data-id=\"2ac787c\" data-element_type=\"widget\" data-widget_type=\"heading.default\">\n\t\t\t\t\t<h2 class=\"elementor-heading-title elementor-size-default\">Vereinszweck<\/h2>\t\t\t\t<\/div>\n\t\t\t\t<div class=\"elementor-element elementor-element-675734d elementor-widget elementor-widget-text-editor\" data-id=\"675734d\" data-element_type=\"widget\" data-widget_type=\"text-editor.default\">\n\t\t\t\t\t\t\t\t\t<p style=\"font-weight: 400;\">Der Verein Bikepark Thunersee setzt sich f\u00fcr die F\u00f6rderung der Bikeangebote im Raum Thun und rund um den Thunersee ein. Ziele des Vereins sind die F\u00f6rderung des Bikesports in allen Disziplinen, die Schaffung legaler Angebote sowie die Koordination zwischen Bikern, anderen Nutzergruppen, Gemeinden und Servicepartnern.<\/p>\t\t\t\t\t\t\t\t<\/div>\n\t\t\t\t<div class=\"elementor-element elementor-element-12095eb elementor-widget elementor-widget-heading\" data-id=\"12095eb\" data-element_type=\"widget\" data-widget_type=\"heading.default\">\n\t\t\t\t\t<h2 class=\"elementor-heading-title elementor-size-default\">Haftungsausschluss<\/h2>\t\t\t\t<\/div>\n\t\t\t\t<div class=\"elementor-element elementor-element-9014c99 elementor-widget elementor-widget-text-editor\" data-id=\"9014c99\" data-element_type=\"widget\" data-widget_type=\"text-editor.default\">\n\t\t\t\t\t\t\t\t\t<p style=\"font-weight: 400;\"><strong>Inhalt der Website<\/strong><\/p><p style=\"font-weight: 400;\">Der Verein Bikepark Thunersee \u00fcbernimmt keinerlei Gew\u00e4hr f\u00fcr die Aktualit\u00e4t, Korrektheit, Vollst\u00e4ndigkeit oder Qualit\u00e4t der bereitgestellten Informationen. Haftungsanspr\u00fcche, die sich auf Sch\u00e4den materieller oder ideeller Art beziehen, welche durch die Nutzung oder Nichtnutzung der dargebotenen Informationen entstanden sind, sind grunds\u00e4tzlich ausgeschlossen.<\/p><p style=\"font-weight: 400;\"><strong>Nutzung der Trails<\/strong><\/p><p style=\"font-weight: 400;\">Die Nutzung der Trails und Infrastrukturen des Bikepark Thunersee erfolgt auf eigene Gefahr. Der Verein \u00fcbernimmt keine Haftung f\u00fcr Personen- oder Sachsch\u00e4den, die im Zusammenhang mit der Benutzung der Anlagen entstehen. Das Tragen eines Helms und geeigneter Schutzausr\u00fcstung wird ausdr\u00fccklich empfohlen.<\/p><p style=\"font-weight: 400;\"><strong>Links zu Drittseiten<\/strong><\/p><p style=\"font-weight: 400;\">Diese Website enth\u00e4lt Links zu externen Websites Dritter. Auf deren Inhalte haben wir keinen Einfluss und \u00fcbernehmen daher keine Gew\u00e4hr. F\u00fcr die Inhalte der verlinkten Seiten sind ausschliesslich deren Betreiber verantwortlich.<\/p>\t\t\t\t\t\t\t\t<\/div>\n\t\t\t\t<div class=\"elementor-element elementor-element-69e4d90 elementor-widget elementor-widget-heading\" data-id=\"69e4d90\" data-element_type=\"widget\" data-widget_type=\"heading.default\">\n\t\t\t\t\t<h2 class=\"elementor-heading-title elementor-size-default\">Urheberrecht<\/h2>\t\t\t\t<\/div>\n\t\t\t\t<div class=\"elementor-element elementor-element-1645858 elementor-widget elementor-widget-text-editor\" data-id=\"1645858\" data-element_type=\"widget\" data-widget_type=\"text-editor.default\">\n\t\t\t\t\t\t\t\t\t<p style=\"font-weight: 400;\">Die auf dieser Website ver\u00f6ffentlichten Inhalte (Texte, Bilder, Grafiken) sind urheberrechtlich gesch\u00fctzt. Jede Verwendung ausserhalb der engen Grenzen des Urheberrechts ist ohne Zustimmung des Vereins unzul\u00e4ssig.<\/p>\t\t\t\t\t\t\t\t<\/div>\n\t\t<div class=\"elementor-element elementor-element-03e5828 e-con-full e-flex e-con e-child\" data-id=\"03e5828\" data-element_type=\"container\">\n\t\t\t\t<div class=\"elementor-element elementor-element-ebf7fe3 elementor-headline--style-highlight elementor-widget elementor-widget-animated-headline\" data-id=\"ebf7fe3\" data-element_type=\"widget\" data-settings=\"{&quot;headline_style&quot;:&quot;highlight&quot;,&quot;marker&quot;:&quot;circle&quot;,&quot;loop&quot;:&quot;yes&quot;,&quot;highlight_animation_duration&quot;:1200,&quot;highlight_iteration_delay&quot;:8000}\" data-widget_type=\"animated-headline.default\">\n\t\t\t\t\t\t\t<h2 class=\"elementor-headline\">\n\t\t\t\t\t<span class=\"elementor-headline-plain-text elementor-headline-text-wrapper\">Datenschutz<\/span>\n\t\t\t\t<span class=\"elementor-headline-dynamic-wrapper elementor-headline-text-wrapper\">\n\t\t\t\t<\/span>\n\t\t\t\t<\/h2>\n\t\t\t\t\t\t<\/div>\n\t\t\t\t<div class=\"elementor-element elementor-element-ae952a5 elementor-widget elementor-widget-text-editor\" data-id=\"ae952a5\" data-element_type=\"widget\" data-widget_type=\"text-editor.default\">\n\t\t\t\t\t\t\t\t\t<p style=\"font-weight: 400;\">Stand: M\u00e4rz 2026<\/p>\t\t\t\t\t\t\t\t<\/div>\n\t\t\t\t<\/div>\n\t\t\t\t<div class=\"elementor-element elementor-element-b9fa03c elementor-widget elementor-widget-heading\" data-id=\"b9fa03c\" data-element_type=\"widget\" data-widget_type=\"heading.default\">\n\t\t\t\t\t<h2 class=\"elementor-heading-title elementor-size-default\">1. Verantwortliche Stelle<\/h2>\t\t\t\t<\/div>\n\t\t\t\t<div class=\"elementor-element elementor-element-93a3491 elementor-widget elementor-widget-text-editor\" data-id=\"93a3491\" data-element_type=\"widget\" data-widget_type=\"text-editor.default\">\n\t\t\t\t\t\t\t\t\t<p style=\"font-weight: 400;\">Verein Bikepark Thunersee<\/p><p style=\"font-weight: 400;\">Untere Tr\u00fcelmatt 4<\/p><p>3624 Goldiwil<\/p><p style=\"font-weight: 400;\">Schweiz<\/p><p style=\"font-weight: 400;\">\u00a0<\/p><p style=\"font-weight: 400;\">E-Mail:<\/p><p style=\"font-weight: 400;\">info@bikepark-thunersee.ch<\/p><p style=\"font-weight: 400;\">Website: www.bikepark-thunersee.ch<\/p>\t\t\t\t\t\t\t\t<\/div>\n\t\t\t\t<div class=\"elementor-element elementor-element-3209d3a elementor-widget elementor-widget-heading\" data-id=\"3209d3a\" data-element_type=\"widget\" data-widget_type=\"heading.default\">\n\t\t\t\t\t<h2 class=\"elementor-heading-title elementor-size-default\">2. Allgemeines zur Datenbearbeitung<\/h2>\t\t\t\t<\/div>\n\t\t\t\t<div class=\"elementor-element elementor-element-3257d81 elementor-widget elementor-widget-text-editor\" data-id=\"3257d81\" data-element_type=\"widget\" data-widget_type=\"text-editor.default\">\n\t\t\t\t\t\t\t\t\t<p style=\"font-weight: 400;\">Der Verein Bikepark Thunersee nimmt den Schutz Ihrer pers\u00f6nlichen Daten ernst. Wir bearbeiten Personendaten gem\u00e4ss dem Schweizer Bundesgesetz \u00fcber den Datenschutz (DSG) sowie, soweit anwendbar, der Europ\u00e4ischen Datenschutz-Grundverordnung (DSGVO).<\/p><p style=\"font-weight: 400;\">Personendaten sind alle Angaben, die sich auf eine bestimmte oder bestimmbare Person beziehen (z. B. Name, E-Mail-Adresse, IP-Adresse).<\/p>\t\t\t\t\t\t\t\t<\/div>\n\t\t\t\t<div class=\"elementor-element elementor-element-ed1dff9 elementor-widget elementor-widget-heading\" data-id=\"ed1dff9\" data-element_type=\"widget\" data-widget_type=\"heading.default\">\n\t\t\t\t\t<h2 class=\"elementor-heading-title elementor-size-default\">3. Erhebung und Bearbeitung von Personendaten<\/h2>\t\t\t\t<\/div>\n\t\t\t\t<div class=\"elementor-element elementor-element-fc03445 elementor-widget elementor-widget-text-editor\" data-id=\"fc03445\" data-element_type=\"widget\" data-widget_type=\"text-editor.default\">\n\t\t\t\t\t\t\t\t\t<p style=\"font-weight: 400;\"><strong>3.1 Beim Besuch unserer Website<\/strong><\/p><p style=\"font-weight: 400;\">Beim Aufruf unserer Website werden automatisch technische Daten erfasst und vor\u00fcbergehend in Server-Logfiles gespeichert: IP-Adresse (anonymisiert), Datum und Uhrzeit des Zugriffs, aufgerufene Seiten und Dateien, Browser-Typ und -Version, Betriebssystem sowie Referrer-URL (zuvor besuchte Seite).<\/p><p style=\"font-weight: 400;\">Diese Daten werden ausschliesslich zur Sicherstellung des technischen Betriebs und zur Fehleranalyse genutzt. Eine Zusammenf\u00fchrung mit anderen Datenquellen findet nicht statt.<\/p><p style=\"font-weight: 400;\"><strong>3.2 Kontaktformular \/ E-Mail-Kontakt<\/strong><\/p><p style=\"font-weight: 400;\">Wenn Sie uns per Kontaktformular oder E-Mail kontaktieren, speichern wir die von Ihnen angegebenen Daten (Name, E-Mail-Adresse, Nachricht) zur Bearbeitung Ihrer Anfrage. Diese Daten werden nicht ohne Ihre Einwilligung an Dritte weitergegeben und nach vollst\u00e4ndiger Bearbeitung gel\u00f6scht, sofern keine gesetzliche Aufbewahrungspflicht besteht.<\/p><p style=\"font-weight: 400;\"><strong>3.3 Newsletter<\/strong><\/p><p style=\"font-weight: 400;\">Wenn Sie sich f\u00fcr unseren Newsletter anmelden, erheben wir Ihren Vornamen, Nachnamen und Ihre E-Mail-Adresse. Diese Daten werden ausschliesslich f\u00fcr den Versand des Newsletters verwendet. Die Anmeldung erfolgt auf freiwilliger Basis. Sie k\u00f6nnen den Newsletter jederzeit \u00fcber den Abmeldelink im Newsletter oder per E-Mail an uns abbestellen.<\/p><p style=\"font-weight: 400;\"><strong>3.4 Trailpass \/ Online-Bestellungen<\/strong><\/p><p style=\"font-weight: 400;\">Wenn Sie einen Trailpass erwerben oder andere Leistungen online buchen, erheben wir die daf\u00fcr notwendigen Personendaten (z. B. Name, Zahlungsdaten). Diese werden nur zur Abwicklung der Transaktion genutzt und entsprechend den gesetzlichen Aufbewahrungspflichten aufbewahrt.<\/p>\t\t\t\t\t\t\t\t<\/div>\n\t\t\t\t<div class=\"elementor-element elementor-element-a4e54e1 elementor-widget elementor-widget-heading\" data-id=\"a4e54e1\" data-element_type=\"widget\" data-widget_type=\"heading.default\">\n\t\t\t\t\t<h2 class=\"elementor-heading-title elementor-size-default\">4. Cookies<\/h2>\t\t\t\t<\/div>\n\t\t\t\t<div class=\"elementor-element elementor-element-c351d13 elementor-widget elementor-widget-text-editor\" data-id=\"c351d13\" data-element_type=\"widget\" data-widget_type=\"text-editor.default\">\n\t\t\t\t\t\t\t\t\t<p style=\"font-weight: 400;\">Unsere Website verwendet Cookies \u2013 kleine Textdateien, die auf Ihrem Ger\u00e4t gespeichert werden. Wir unterscheiden zwischen technisch notwendigen Cookies (f\u00fcr den Betrieb der Website erforderlich, nicht deaktivierbar) und Analyse-Cookies (helfen uns, die Nutzung der Website zu verstehen und zu verbessern).<\/p><p style=\"font-weight: 400;\">Sie k\u00f6nnen Cookies in Ihren Browser-Einstellungen jederzeit deaktivieren oder l\u00f6schen. Bitte beachten Sie, dass dies die Funktionalit\u00e4t der Website einschr\u00e4nken kann.<\/p>\t\t\t\t\t\t\t\t<\/div>\n\t\t\t\t<div class=\"elementor-element elementor-element-06661e4 elementor-widget elementor-widget-heading\" data-id=\"06661e4\" data-element_type=\"widget\" data-widget_type=\"heading.default\">\n\t\t\t\t\t<h2 class=\"elementor-heading-title elementor-size-default\">5. Einsatz von Drittdiensten<\/h2>\t\t\t\t<\/div>\n\t\t\t\t<div class=\"elementor-element elementor-element-ce5a98c elementor-widget elementor-widget-text-editor\" data-id=\"ce5a98c\" data-element_type=\"widget\" data-widget_type=\"text-editor.default\">\n\t\t\t\t\t\t\t\t\t<p style=\"font-weight: 400;\"><strong>5.1 WordPress \/ Hosting<\/strong><\/p><p style=\"font-weight: 400;\">Die Website wird mit WordPress betrieben und bei Cyon gehostet.<\/p><p style=\"font-weight: 400;\"><strong>5.2 Google Maps \/ Kartendienste<\/strong><\/p><p style=\"font-weight: 400;\">Soweit auf unserer Website Kartendienste eingebettet sind, werden beim Laden dieser Karten Daten (inkl. IP-Adresse) an die Anbieter \u00fcbermittelt. Wir binden externe Karten nur mit vorheriger Einwilligung ein oder nutzen datenschutzfreundliche Alternativen.<\/p><p style=\"font-weight: 400;\"><strong>5.3 Social Media<\/strong><\/p><p style=\"font-weight: 400;\">Auf unserer Website k\u00f6nnen Links zu Social-Media-Plattformen vorhanden sein. Beim Anklicken dieser Links verlassen Sie unsere Website; f\u00fcr die dortige Datenbearbeitung sind die jeweiligen Plattformbetreiber verantwortlich.<\/p><p style=\"font-weight: 400;\">Sie k\u00f6nnen Cookies in Ihren Browser-Einstellungen jederzeit deaktivieren oder l\u00f6schen. Bitte beachten Sie, dass dies die Funktionalit\u00e4t der Website einschr\u00e4nken kann.<\/p>\t\t\t\t\t\t\t\t<\/div>\n\t\t\t\t<div class=\"elementor-element elementor-element-24fe5af elementor-widget elementor-widget-heading\" data-id=\"24fe5af\" data-element_type=\"widget\" data-widget_type=\"heading.default\">\n\t\t\t\t\t<h2 class=\"elementor-heading-title elementor-size-default\">6. Datenweitergabe an Dritte<\/h2>\t\t\t\t<\/div>\n\t\t\t\t<div class=\"elementor-element elementor-element-1e7edc8 elementor-widget elementor-widget-text-editor\" data-id=\"1e7edc8\" data-element_type=\"widget\" data-widget_type=\"text-editor.default\">\n\t\t\t\t\t\t\t\t\t<p style=\"font-weight: 400;\">Wir geben Ihre Personendaten nicht an Dritte weiter, ausser es ist zur Vertragserf\u00fcllung notwendig (z. B. Zahlungsabwicklung), Sie haben ausdr\u00fccklich eingewilligt oder wir sind gesetzlich dazu verpflichtet.<\/p>\t\t\t\t\t\t\t\t<\/div>\n\t\t\t\t<div class=\"elementor-element elementor-element-f6bc799 elementor-widget elementor-widget-heading\" data-id=\"f6bc799\" data-element_type=\"widget\" data-widget_type=\"heading.default\">\n\t\t\t\t\t<h2 class=\"elementor-heading-title elementor-size-default\">7. Datensicherheit<\/h2>\t\t\t\t<\/div>\n\t\t\t\t<div class=\"elementor-element elementor-element-88cff08 elementor-widget elementor-widget-text-editor\" data-id=\"88cff08\" data-element_type=\"widget\" data-widget_type=\"text-editor.default\">\n\t\t\t\t\t\t\t\t\t<p style=\"font-weight: 400;\">Wir treffen angemessene technische und organisatorische Massnahmen, um Ihre Daten vor unbefugtem Zugriff, Verlust oder Missbrauch zu sch\u00fctzen. Die Daten\u00fcbertragung auf unserer Website erfolgt verschl\u00fcsselt via SSL\/TLS.<\/p>\t\t\t\t\t\t\t\t<\/div>\n\t\t\t\t<div class=\"elementor-element elementor-element-ef4fa73 elementor-widget elementor-widget-heading\" data-id=\"ef4fa73\" data-element_type=\"widget\" data-widget_type=\"heading.default\">\n\t\t\t\t\t<h2 class=\"elementor-heading-title elementor-size-default\">8. Speicherdauer<\/h2>\t\t\t\t<\/div>\n\t\t\t\t<div class=\"elementor-element elementor-element-6156cf5 elementor-widget elementor-widget-text-editor\" data-id=\"6156cf5\" data-element_type=\"widget\" data-widget_type=\"text-editor.default\">\n\t\t\t\t\t\t\t\t\t<p style=\"font-weight: 400;\">Wir speichern Personendaten nur so lange, wie es f\u00fcr den jeweiligen Zweck notwendig ist oder gesetzliche Aufbewahrungspflichten es erfordern. Danach werden die Daten sicher gel\u00f6scht.<\/p>\t\t\t\t\t\t\t\t<\/div>\n\t\t\t\t<div class=\"elementor-element elementor-element-e823cdc elementor-widget elementor-widget-heading\" data-id=\"e823cdc\" data-element_type=\"widget\" data-widget_type=\"heading.default\">\n\t\t\t\t\t<h2 class=\"elementor-heading-title elementor-size-default\">9. Ihre Rechte<\/h2>\t\t\t\t<\/div>\n\t\t\t\t<div class=\"elementor-element elementor-element-aee92e5 elementor-widget elementor-widget-text-editor\" data-id=\"aee92e5\" data-element_type=\"widget\" data-widget_type=\"text-editor.default\">\n\t\t\t\t\t\t\t\t\t<p style=\"font-weight: 400;\">Sie haben folgende Rechte bez\u00fcglich Ihrer Personendaten:<\/p><p style=\"font-weight: 400;\">Auskunft: Sie k\u00f6nnen jederzeit Auskunft \u00fcber die zu Ihrer Person gespeicherten Daten verlangen.<\/p><p style=\"font-weight: 400;\">Berichtigung: Sie k\u00f6nnen die Berichtigung unrichtiger Daten verlangen.<\/p><p style=\"font-weight: 400;\">L\u00f6schung: Sie k\u00f6nnen unter bestimmten Voraussetzungen die L\u00f6schung Ihrer Daten verlangen.<\/p><p style=\"font-weight: 400;\">Einschr\u00e4nkung: Sie k\u00f6nnen die Einschr\u00e4nkung der Bearbeitung verlangen.<\/p><p style=\"font-weight: 400;\">Daten\u00fcbertragbarkeit: Sie haben das Recht, Ihre Daten in einem g\u00e4ngigen Format zu erhalten.<\/p><p style=\"font-weight: 400;\">Widerspruch: Sie k\u00f6nnen der Bearbeitung Ihrer Daten widersprechen, sofern diese auf einem berechtigten Interesse beruht.<\/p><p style=\"font-weight: 400;\">Zur Aus\u00fcbung Ihrer Rechte wenden Sie sich bitte an:<\/p><p style=\"font-weight: 400;\">info@bikepark-thunersee.ch<\/p><p style=\"font-weight: 400;\">Falls Sie der Ansicht sind, dass die Bearbeitung Ihrer Daten gegen das Datenschutzrecht verst\u00f6sst, k\u00f6nnen Sie Beschwerde beim Eidgen\u00f6ssischen Datenschutz- und \u00d6ffentlichkeitsbeauftragten (ED\u00d6B) einreichen: www.edoeb.admin.ch<\/p>\t\t\t\t\t\t\t\t<\/div>\n\t\t\t\t<div class=\"elementor-element elementor-element-b0f4130 elementor-widget elementor-widget-heading\" data-id=\"b0f4130\" data-element_type=\"widget\" data-widget_type=\"heading.default\">\n\t\t\t\t\t<h2 class=\"elementor-heading-title elementor-size-default\">10. \u00c4nderungen dieser Datenschutzerkl\u00e4rung<\/h2>\t\t\t\t<\/div>\n\t\t\t\t<div class=\"elementor-element elementor-element-a8e2167 elementor-widget elementor-widget-text-editor\" data-id=\"a8e2167\" data-element_type=\"widget\" data-widget_type=\"text-editor.default\">\n\t\t\t\t\t\t\t\t\t<p style=\"font-weight: 400;\">Wir behalten uns vor, diese Datenschutzerkl\u00e4rung jederzeit zu aktualisieren. Die aktuelle Version ist stets auf dieser Seite abrufbar. Wir empfehlen, diese Seite regelm\u00e4ssig zu besuchen.<\/p><p style=\"font-weight: 400;\"><em>Bikepark Thunersee \u2013 Stand M\u00e4rz 2026<\/em><\/p>\t\t\t\t\t\t\t\t<\/div>\n\t\t\t\t\t<\/div>\n\t\t\t\t<\/div>\n\t\t\t\t<\/div>\n\t\t\t\t<\/div>\n\t\t\t\t<\/div>\n\t\t","protected":false},"excerpt":{"rendered":"<p>Impressum Stand: M\u00e4rz 2026 Angaben gem\u00e4ss Art. 13 DSG Verein Bikepark Thunersee Untere Tt\u00fcelmatt 4 3624 Goldiwil Schweiz \u00a0 E-Mail: info@bikepark-thunersee.ch Website: www.bikepark-thunersee.ch Vertretungsberechtigte Person Jerome Hunziker, Pr\u00e4sident Verein Bikepark Thunersee Vorstand Jerome Hunziker Pr\u00e4sident Niklaus M\u00f6sle Finanzen J\u00fcrg Friedli Rechtsfragen Emanuel Buchs Raumplanung Michelle Davies Marketing Michael Roschi Tourismus Louis Eisenhut Szenenvertretung Vereinszweck Der [&hellip;]<\/p>\n","protected":false},"author":2,"featured_media":0,"parent":0,"menu_order":0,"comment_status":"closed","ping_status":"closed","template":"elementor_header_footer","meta":{"_acf_changed":false,"inline_featured_image":false,"footnotes":""},"class_list":["post-4093","page","type-page","status-publish","hentry"],"acf":[],"_links":{"self":[{"href":"https:\/\/www.bikepark-thunersee.ch\/index.php\/wp-json\/wp\/v2\/pages\/4093","targetHints":{"allow":["GET"]}}],"collection":[{"href":"https:\/\/www.bikepark-thunersee.ch\/index.php\/wp-json\/wp\/v2\/pages"}],"about":[{"href":"https:\/\/www.bikepark-thunersee.ch\/index.php\/wp-json\/wp\/v2\/types\/page"}],"author":[{"embeddable":true,"href":"https:\/\/www.bikepark-thunersee.ch\/index.php\/wp-json\/wp\/v2\/users\/2"}],"replies":[{"embeddable":true,"href":"https:\/\/www.bikepark-thunersee.ch\/index.php\/wp-json\/wp\/v2\/comments?post=4093"}],"version-history":[{"count":4,"href":"https:\/\/www.bikepark-thunersee.ch\/index.php\/wp-json\/wp\/v2\/pages\/4093\/revisions"}],"predecessor-version":[{"id":4097,"href":"https:\/\/www.bikepark-thunersee.ch\/index.php\/wp-json\/wp\/v2\/pages\/4093\/revisions\/4097"}],"wp:attachment":[{"href":"https:\/\/www.bikepark-thunersee.ch\/index.php\/wp-json\/wp\/v2\/media?parent=4093"}],"curies":[{"name":"wp","href":"https:\/\/api.w.org\/{rel}","templated":true}]}}